{"id":3143,"date":"2021-03-04T13:59:41","date_gmt":"2021-03-04T11:59:41","guid":{"rendered":"https:\/\/visitkaarina.fi\/tilausehdot"},"modified":"2021-06-30T09:49:02","modified_gmt":"2021-06-30T06:49:02","slug":"tilausehdot","status":"publish","type":"page","link":"https:\/\/visitkaarina.fi\/sv\/tilausehdot","title":{"rendered":"Abonnemangsvillkor"},"content":{"rendered":"[vc_row type=&#8221;in_container&#8221; full_screen_row_position=&#8221;middle&#8221; column_margin=&#8221;default&#8221; column_direction=&#8221;default&#8221; column_direction_tablet=&#8221;default&#8221; column_direction_phone=&#8221;default&#8221; scene_position=&#8221;center&#8221; text_color=&#8221;dark&#8221; text_align=&#8221;left&#8221; row_border_radius=&#8221;none&#8221; row_border_radius_applies=&#8221;bg&#8221; overlay_strength=&#8221;0.3&#8243; gradient_direction=&#8221;left_to_right&#8221; shape_divider_position=&#8221;bottom&#8221; bg_image_animation=&#8221;none&#8221;][vc_column column_padding=&#8221;no-extra-padding&#8221; column_padding_tablet=&#8221;inherit&#8221; column_padding_phone=&#8221;inherit&#8221; column_padding_position=&#8221;all&#8221; column_element_spacing=&#8221;default&#8221; background_color_opacity=&#8221;1&#8243; background_hover_color_opacity=&#8221;1&#8243; column_shadow=&#8221;none&#8221; column_border_radius=&#8221;none&#8221; column_link_target=&#8221;_self&#8221; gradient_direction=&#8221;left_to_right&#8221; overlay_strength=&#8221;0.3&#8243; width=&#8221;1\/6&#8243; tablet_width_inherit=&#8221;default&#8221; tablet_text_alignment=&#8221;default&#8221; phone_text_alignment=&#8221;default&#8221; bg_image_animation=&#8221;none&#8221; border_type=&#8221;simple&#8221; column_border_width=&#8221;none&#8221; column_border_style=&#8221;solid&#8221;][\/vc_column][vc_column column_padding=&#8221;padding-5-percent&#8221; column_padding_tablet=&#8221;inherit&#8221; column_padding_phone=&#8221;inherit&#8221; column_padding_position=&#8221;all&#8221; column_element_spacing=&#8221;default&#8221; background_color_opacity=&#8221;1&#8243; background_hover_color_opacity=&#8221;1&#8243; column_shadow=&#8221;none&#8221; column_border_radius=&#8221;none&#8221; column_link_target=&#8221;_self&#8221; gradient_direction=&#8221;left_to_right&#8221; overlay_strength=&#8221;0.3&#8243; width=&#8221;2\/3&#8243; tablet_width_inherit=&#8221;default&#8221; tablet_text_alignment=&#8221;default&#8221; phone_text_alignment=&#8221;default&#8221; bg_image_animation=&#8221;none&#8221; border_type=&#8221;simple&#8221; column_border_width=&#8221;none&#8221; column_border_style=&#8221;solid&#8221;][vc_custom_heading source=&#8221;post_title&#8221; font_container=&#8221;tag:h1|text_align:left&#8221; use_theme_fonts=&#8221;yes&#8221;][divider line_type=&#8221;No Line&#8221; custom_height=&#8221;30&#8243;][vc_column_text]<strong>Abonnemangsvillkor f\u00f6r turismf\u00f6retagarens produktkort p\u00e5 webbplatsen Visit Kaarina:<\/strong><\/p>\n<p>Produktkortet f\u00f6r turismf\u00f6retagaren p\u00e5 webbplatsen Visit Kaarina \u00e4r avgiftsfritt under 2021. I forts\u00e4ttningen kostar kortet 50 \u20ac (moms 0 %) per \u00e5r. Genom att anm\u00e4la uppgifter om objektet p\u00e5 produktkortet tecknar best\u00e4llaren samtidigt ett fortl\u00f6pande abonnemang som upph\u00f6r n\u00e4r best\u00e4llaren s\u00e4ger upp det hos Kaarinan Kehitys Oy. Fakturering sker \u00e5rligen i januari, Abonnemanget kan s\u00e4gas upp f\u00f6re f\u00f6rfallodagen genom att meddela om upps\u00e4gningen till adressen <a href=\"mailto:info@kaarinankehitys.fi\">info@kaarinankehitys.fi<\/a>. Ingen avgift eller del av avgift \u00e5terbetalas om abonnemanget s\u00e4gs upp mitt under \u00e5ret.<\/p>\n<p>Best\u00e4llaren av produktkortet f\u00f6rbinder sig att h\u00e5lla objektets uppgifter uppdaterade, om detta skickas en p\u00e5minnelse i b\u00f6rjan av varje \u00e5r. Uppgifterna kan ocks\u00e5 uppdateras under p\u00e5g\u00e5ende \u00e5r via en blankett som finns p\u00e5 webbplatsen Visit Kaarina, \u201dP\u00e4ivit\u00e4 kohteesi tiedot\u201d. Webbplatsens administrat\u00f6r f\u00f6rbeh\u00e5ller sig r\u00e4tten att redigera texter och v\u00e4lja bilder utifr\u00e5n kvalitet och l\u00e4mplighet f\u00f6r webbplatsen.<\/p>\n<p>Webbplatsen Visit Kaarina \u00e4gs och produktkorten s\u00e4ljs av Kaarinan Kehitys Oy.[\/vc_column_text][\/vc_column][vc_column column_padding=&#8221;no-extra-padding&#8221; column_padding_tablet=&#8221;inherit&#8221; column_padding_phone=&#8221;inherit&#8221; column_padding_position=&#8221;all&#8221; column_element_spacing=&#8221;default&#8221; background_color_opacity=&#8221;1&#8243; background_hover_color_opacity=&#8221;1&#8243; column_shadow=&#8221;none&#8221; column_border_radius=&#8221;none&#8221; column_link_target=&#8221;_self&#8221; gradient_direction=&#8221;left_to_right&#8221; overlay_strength=&#8221;0.3&#8243; width=&#8221;1\/6&#8243; tablet_width_inherit=&#8221;default&#8221; tablet_text_alignment=&#8221;default&#8221; phone_text_alignment=&#8221;default&#8221; bg_image_animation=&#8221;none&#8221; border_type=&#8221;simple&#8221; column_border_width=&#8221;none&#8221; column_border_style=&#8221;solid&#8221;][\/vc_column][\/vc_row]\n","protected":false},"excerpt":{"rendered":"<p>[vc_row type=&#8221;in_container&#8221; full_screen_row_position=&#8221;middle&#8221; column_margin=&#8221;default&#8221; column_direction=&#8221;default&#8221; column_direction_tablet=&#8221;default&#8221; column_direction_phone=&#8221;default&#8221; scene_position=&#8221;center&#8221; text_color=&#8221;dark&#8221; text_align=&#8221;left&#8221; row_border_radius=&#8221;none&#8221; row_border_radius_applies=&#8221;bg&#8221; overlay_strength=&#8221;0.3&#8243; gradient_direction=&#8221;left_to_right&#8221; shape_divider_position=&#8221;bottom&#8221; bg_image_animation=&#8221;none&#8221;][vc_column column_padding=&#8221;no-extra-padding&#8221; column_padding_tablet=&#8221;inherit&#8221; column_padding_phone=&#8221;inherit&#8221; column_padding_position=&#8221;all&#8221; column_element_spacing=&#8221;default&#8221; background_color_opacity=&#8221;1&#8243; background_hover_color_opacity=&#8221;1&#8243; column_shadow=&#8221;none&#8221; column_border_radius=&#8221;none&#8221; column_link_target=&#8221;_self&#8221; gradient_direction=&#8221;left_to_right&#8221; overlay_strength=&#8221;0.3&#8243; width=&#8221;1\/6&#8243; tablet_width_inherit=&#8221;default&#8221;&#8230;<\/p>\n","protected":false},"author":1,"featured_media":0,"parent":0,"menu_order":0,"comment_status":"closed","ping_status":"closed","template":"","meta":{"_acf_changed":false,"footnotes":""},"class_list":["post-3143","page","type-page","status-publish"],"acf":[],"yoast_head":"<!-- This site is optimized with the Yoast SEO plugin v27.5 - https:\/\/yoast.com\/product\/yoast-seo-wordpress\/ -->\n<title>Abonnemangsvillkor - Visit Kaarina<\/title>\n<meta name=\"robots\" content=\"index, follow, max-snippet:-1, max-image-preview:large, max-video-preview:-1\" \/>\n<link rel=\"canonical\" href=\"https:\/\/visitkaarina.fi\/sv\/tilausehdot\/\" \/>\n<meta property=\"og:locale\" content=\"sv_SE\" \/>\n<meta property=\"og:type\" content=\"article\" \/>\n<meta property=\"og:title\" content=\"Abonnemangsvillkor - Visit Kaarina\" \/>\n<meta property=\"og:description\" content=\"[vc_row type=&#8221;in_container&#8221; full_screen_row_position=&#8221;middle&#8221; column_margin=&#8221;default&#8221; column_direction=&#8221;default&#8221; column_direction_tablet=&#8221;default&#8221; column_direction_phone=&#8221;default&#8221; scene_position=&#8221;center&#8221; text_color=&#8221;dark&#8221; text_align=&#8221;left&#8221; row_border_radius=&#8221;none&#8221; row_border_radius_applies=&#8221;bg&#8221; overlay_strength=&#8221;0.3&#8243; gradient_direction=&#8221;left_to_right&#8221; shape_divider_position=&#8221;bottom&#8221; bg_image_animation=&#8221;none&#8221;][vc_column column_padding=&#8221;no-extra-padding&#8221; column_padding_tablet=&#8221;inherit&#8221; column_padding_phone=&#8221;inherit&#8221; column_padding_position=&#8221;all&#8221; column_element_spacing=&#8221;default&#8221; background_color_opacity=&#8221;1&#8243; background_hover_color_opacity=&#8221;1&#8243; column_shadow=&#8221;none&#8221; column_border_radius=&#8221;none&#8221; column_link_target=&#8221;_self&#8221; gradient_direction=&#8221;left_to_right&#8221; overlay_strength=&#8221;0.3&#8243; width=&#8221;1\/6&#8243; tablet_width_inherit=&#8221;default&#8221;...\" \/>\n<meta property=\"og:url\" content=\"https:\/\/visitkaarina.fi\/sv\/tilausehdot\/\" \/>\n<meta property=\"og:site_name\" content=\"Visit Kaarina\" \/>\n<meta property=\"article:modified_time\" content=\"2021-06-30T06:49:02+00:00\" \/>\n<meta name=\"twitter:card\" content=\"summary_large_image\" \/>\n<meta name=\"twitter:label1\" content=\"Ber\u00e4knad l\u00e4stid\" \/>\n\t<meta name=\"twitter:data1\" content=\"2 minuter\" \/>\n<script type=\"application\/ld+json\" class=\"yoast-schema-graph\">{\"@context\":\"https:\\\/\\\/schema.org\",\"@graph\":[{\"@type\":\"WebPage\",\"@id\":\"https:\\\/\\\/visitkaarina.fi\\\/sv\\\/tilausehdot\\\/\",\"url\":\"https:\\\/\\\/visitkaarina.fi\\\/sv\\\/tilausehdot\\\/\",\"name\":\"Abonnemangsvillkor - Visit Kaarina\",\"isPartOf\":{\"@id\":\"https:\\\/\\\/visitkaarina.fi\\\/#website\"},\"datePublished\":\"2021-03-04T11:59:41+00:00\",\"dateModified\":\"2021-06-30T06:49:02+00:00\",\"breadcrumb\":{\"@id\":\"https:\\\/\\\/visitkaarina.fi\\\/sv\\\/tilausehdot\\\/#breadcrumb\"},\"inLanguage\":\"sv-SE\",\"potentialAction\":[{\"@type\":\"ReadAction\",\"target\":[\"https:\\\/\\\/visitkaarina.fi\\\/sv\\\/tilausehdot\\\/\"]}]},{\"@type\":\"BreadcrumbList\",\"@id\":\"https:\\\/\\\/visitkaarina.fi\\\/sv\\\/tilausehdot\\\/#breadcrumb\",\"itemListElement\":[{\"@type\":\"ListItem\",\"position\":1,\"name\":\"Etusivu\",\"item\":\"https:\\\/\\\/visitkaarina.fi\\\/sv\\\/\"},{\"@type\":\"ListItem\",\"position\":2,\"name\":\"Abonnemangsvillkor\"}]},{\"@type\":\"WebSite\",\"@id\":\"https:\\\/\\\/visitkaarina.fi\\\/#website\",\"url\":\"https:\\\/\\\/visitkaarina.fi\\\/\",\"name\":\"Visit Kaarina\",\"description\":\"Kaarinan Kaupunki\",\"publisher\":{\"@id\":\"https:\\\/\\\/visitkaarina.fi\\\/#organization\"},\"potentialAction\":[{\"@type\":\"SearchAction\",\"target\":{\"@type\":\"EntryPoint\",\"urlTemplate\":\"https:\\\/\\\/visitkaarina.fi\\\/?s={search_term_string}\"},\"query-input\":{\"@type\":\"PropertyValueSpecification\",\"valueRequired\":true,\"valueName\":\"search_term_string\"}}],\"inLanguage\":\"sv-SE\"},{\"@type\":\"Organization\",\"@id\":\"https:\\\/\\\/visitkaarina.fi\\\/#organization\",\"name\":\"Visit Kaarina\",\"url\":\"https:\\\/\\\/visitkaarina.fi\\\/\",\"logo\":{\"@type\":\"ImageObject\",\"inLanguage\":\"sv-SE\",\"@id\":\"https:\\\/\\\/visitkaarina.fi\\\/#\\\/schema\\\/logo\\\/image\\\/\",\"url\":\"https:\\\/\\\/visitkaarina.fi\\\/wp-content\\\/uploads\\\/2021\\\/02\\\/Visit_Kaarina_fi_logo_pysty_500.png\",\"contentUrl\":\"https:\\\/\\\/visitkaarina.fi\\\/wp-content\\\/uploads\\\/2021\\\/02\\\/Visit_Kaarina_fi_logo_pysty_500.png\",\"width\":500,\"height\":256,\"caption\":\"Visit Kaarina\"},\"image\":{\"@id\":\"https:\\\/\\\/visitkaarina.fi\\\/#\\\/schema\\\/logo\\\/image\\\/\"}}]}<\/script>\n<!-- \/ Yoast SEO plugin. -->","yoast_head_json":{"title":"Abonnemangsvillkor - Visit Kaarina","robots":{"index":"index","follow":"follow","max-snippet":"max-snippet:-1","max-image-preview":"max-image-preview:large","max-video-preview":"max-video-preview:-1"},"canonical":"https:\/\/visitkaarina.fi\/sv\/tilausehdot\/","og_locale":"sv_SE","og_type":"article","og_title":"Abonnemangsvillkor - Visit Kaarina","og_description":"[vc_row type=&#8221;in_container&#8221; full_screen_row_position=&#8221;middle&#8221; column_margin=&#8221;default&#8221; column_direction=&#8221;default&#8221; column_direction_tablet=&#8221;default&#8221; column_direction_phone=&#8221;default&#8221; scene_position=&#8221;center&#8221; text_color=&#8221;dark&#8221; text_align=&#8221;left&#8221; row_border_radius=&#8221;none&#8221; row_border_radius_applies=&#8221;bg&#8221; overlay_strength=&#8221;0.3&#8243; gradient_direction=&#8221;left_to_right&#8221; shape_divider_position=&#8221;bottom&#8221; bg_image_animation=&#8221;none&#8221;][vc_column column_padding=&#8221;no-extra-padding&#8221; column_padding_tablet=&#8221;inherit&#8221; column_padding_phone=&#8221;inherit&#8221; column_padding_position=&#8221;all&#8221; column_element_spacing=&#8221;default&#8221; background_color_opacity=&#8221;1&#8243; background_hover_color_opacity=&#8221;1&#8243; column_shadow=&#8221;none&#8221; column_border_radius=&#8221;none&#8221; column_link_target=&#8221;_self&#8221; gradient_direction=&#8221;left_to_right&#8221; overlay_strength=&#8221;0.3&#8243; width=&#8221;1\/6&#8243; tablet_width_inherit=&#8221;default&#8221;...","og_url":"https:\/\/visitkaarina.fi\/sv\/tilausehdot\/","og_site_name":"Visit Kaarina","article_modified_time":"2021-06-30T06:49:02+00:00","twitter_card":"summary_large_image","twitter_misc":{"Ber\u00e4knad l\u00e4stid":"2 minuter"},"schema":{"@context":"https:\/\/schema.org","@graph":[{"@type":"WebPage","@id":"https:\/\/visitkaarina.fi\/sv\/tilausehdot\/","url":"https:\/\/visitkaarina.fi\/sv\/tilausehdot\/","name":"Abonnemangsvillkor - Visit Kaarina","isPartOf":{"@id":"https:\/\/visitkaarina.fi\/#website"},"datePublished":"2021-03-04T11:59:41+00:00","dateModified":"2021-06-30T06:49:02+00:00","breadcrumb":{"@id":"https:\/\/visitkaarina.fi\/sv\/tilausehdot\/#breadcrumb"},"inLanguage":"sv-SE","potentialAction":[{"@type":"ReadAction","target":["https:\/\/visitkaarina.fi\/sv\/tilausehdot\/"]}]},{"@type":"BreadcrumbList","@id":"https:\/\/visitkaarina.fi\/sv\/tilausehdot\/#breadcrumb","itemListElement":[{"@type":"ListItem","position":1,"name":"Etusivu","item":"https:\/\/visitkaarina.fi\/sv\/"},{"@type":"ListItem","position":2,"name":"Abonnemangsvillkor"}]},{"@type":"WebSite","@id":"https:\/\/visitkaarina.fi\/#website","url":"https:\/\/visitkaarina.fi\/","name":"Visit Kaarina","description":"Kaarinan Kaupunki","publisher":{"@id":"https:\/\/visitkaarina.fi\/#organization"},"potentialAction":[{"@type":"SearchAction","target":{"@type":"EntryPoint","urlTemplate":"https:\/\/visitkaarina.fi\/?s={search_term_string}"},"query-input":{"@type":"PropertyValueSpecification","valueRequired":true,"valueName":"search_term_string"}}],"inLanguage":"sv-SE"},{"@type":"Organization","@id":"https:\/\/visitkaarina.fi\/#organization","name":"Visit Kaarina","url":"https:\/\/visitkaarina.fi\/","logo":{"@type":"ImageObject","inLanguage":"sv-SE","@id":"https:\/\/visitkaarina.fi\/#\/schema\/logo\/image\/","url":"https:\/\/visitkaarina.fi\/wp-content\/uploads\/2021\/02\/Visit_Kaarina_fi_logo_pysty_500.png","contentUrl":"https:\/\/visitkaarina.fi\/wp-content\/uploads\/2021\/02\/Visit_Kaarina_fi_logo_pysty_500.png","width":500,"height":256,"caption":"Visit Kaarina"},"image":{"@id":"https:\/\/visitkaarina.fi\/#\/schema\/logo\/image\/"}}]}},"_links":{"self":[{"href":"https:\/\/visitkaarina.fi\/sv\/wp-json\/wp\/v2\/pages\/3143","targetHints":{"allow":["GET"]}}],"collection":[{"href":"https:\/\/visitkaarina.fi\/sv\/wp-json\/wp\/v2\/pages"}],"about":[{"href":"https:\/\/visitkaarina.fi\/sv\/wp-json\/wp\/v2\/types\/page"}],"author":[{"embeddable":true,"href":"https:\/\/visitkaarina.fi\/sv\/wp-json\/wp\/v2\/users\/1"}],"replies":[{"embeddable":true,"href":"https:\/\/visitkaarina.fi\/sv\/wp-json\/wp\/v2\/comments?post=3143"}],"version-history":[{"count":2,"href":"https:\/\/visitkaarina.fi\/sv\/wp-json\/wp\/v2\/pages\/3143\/revisions"}],"predecessor-version":[{"id":3754,"href":"https:\/\/visitkaarina.fi\/sv\/wp-json\/wp\/v2\/pages\/3143\/revisions\/3754"}],"wp:attachment":[{"href":"https:\/\/visitkaarina.fi\/sv\/wp-json\/wp\/v2\/media?parent=3143"}],"curies":[{"name":"wp","href":"https:\/\/api.w.org\/{rel}","templated":true}]}}