{"id":3116,"date":"2021-05-05T08:46:41","date_gmt":"2021-05-05T05:46:41","guid":{"rendered":"https:\/\/visitkaarina.fi\/saavutettavuusseloste"},"modified":"2021-06-30T10:10:06","modified_gmt":"2021-06-30T07:10:06","slug":"saavutettavuusseloste","status":"publish","type":"page","link":"https:\/\/visitkaarina.fi\/sv\/saavutettavuusseloste","title":{"rendered":"Tillg\u00e4nglighetsutl\u00e5tande"},"content":{"rendered":"<h1>V\u00e4lkommen, detta \u00e4r organisationen Kaarinan Kehitys Oy:s tillg\u00e4nglighetsutl\u00e5tande<\/h1>\n<p>&nbsp;<\/p>\n<p>Detta tillg\u00e4nglighetsutl\u00e5tande g\u00e4ller tj\u00e4nsten visitkaarina.fi och den uppr\u00e4ttades \/ uppdaterades 5.5.2021. Tj\u00e4nsten omfattas av lagen om tillhandah\u00e5llande av digitala tj\u00e4nster, enligt vilken offentliga webbtj\u00e4nster ska vara tillg\u00e4ngliga.<br \/>\nVi har sj\u00e4lva bed\u00f6mt tj\u00e4nstens tillg\u00e4nglighet.<\/p>\n<p>&nbsp;<\/p>\n<h2>Tillg\u00e4nglighetsstatus f\u00f6r den digitala tj\u00e4nsten<\/h2>\n<p>Uppfyller delvis kraven p\u00e5 tillg\u00e4nglighet.<\/p>\n<p>&nbsp;<\/p>\n<h2>Icke-tillg\u00e4ngligt inneh\u00e5ll<\/h2>\n<h3>1. Omfattas inte av lagstiftningen<\/h3>\n<ul>\n<li>Inneh\u00e5ll fr\u00e5n anv\u00e4ndare eller andra externa akt\u00f6rer som publiceras i tj\u00e4nsten och som inte produceras, finansieras eller \u00f6vervakas av tj\u00e4nstens tillhandah\u00e5llare<\/li>\n<\/ul>\n<p>&nbsp;<\/p>\n<h2>Har du uppt\u00e4ckt ett problem med tillg\u00e4ngligheten i v\u00e5r digitala tj\u00e4nst? Rapportera problemet till oss s\u00e5 g\u00f6r vi v\u00e5rt b\u00e4sta f\u00f6r att korrigera det<\/h2>\n<h3>Via webblanketten<\/h3>\n<blockquote class=\"wp-embedded-content\" data-secret=\"3QpvfZ1sXh\"><p><a href=\"https:\/\/visitkaarina.fi\/info\">Info<\/a><\/p><\/blockquote>\n<p><iframe loading=\"lazy\" class=\"wp-embedded-content\" sandbox=\"allow-scripts\" security=\"restricted\" style=\"position: absolute; clip: rect(1px, 1px, 1px, 1px);\" title=\"&#8221;Info&#8221; &#8212; Visit Kaarina\" src=\"https:\/\/visitkaarina.fi\/info\/embed#?secret=3QpvfZ1sXh\" data-secret=\"3QpvfZ1sXh\" width=\"600\" height=\"338\" frameborder=\"0\" marginwidth=\"0\" marginheight=\"0\" scrolling=\"no\"><\/iframe><\/p>\n<h3>Via e-post<\/h3>\n<p>info@visitkaarina.fi<\/p>\n<h3>P\u00e5 annat s\u00e4tt<\/h3>\n<p>Telefon: 02 588 4010<\/p>\n<p>&nbsp;<\/p>\n<h2>Tillsynsmyndighet<\/h2>\n<p>Om du uppt\u00e4cker problem med tillg\u00e4ngligheten p\u00e5 webbplatsen, b\u00f6rja med att ge respons till oss, dvs. webbplatsens administrat\u00f6r. Du f\u00e5r svar inom 14 dagar. Om du inte \u00e4r n\u00f6jd med svaret eller om du inte f\u00e5r n\u00e5got svar inom tv\u00e5 veckor,\u00a0<a href=\"https:\/\/www.tillganglighetskrav.fi\/dina-rattigheter\/\">kan du g\u00f6ra en anm\u00e4lan till Regionf\u00f6rvaltningsverket i s\u00f6dra Finland\u00a0\u00d6ppnas i nytt f\u00f6nster<\/a>. P\u00e5 regionf\u00f6rvaltningsverkets webbplats finns noggranna instruktioner f\u00f6r hur du kan g\u00f6ra en anm\u00e4lan och hur \u00e4rendet behandlas.<\/p>\n<h2><\/h2>\n<h2>Kontaktuppgifter till tillsynsmyndigheten<\/h2>\n<p>Regionf\u00f6rvaltningsverket i s\u00f6dra Finland<br \/>\nEnheten f\u00f6r tillg\u00e4nglighetstillsyn<br \/>\nwww.tillganglighetskrav.fi<br \/>\nwebbtillganglighet(at)rfv.fi<br \/>\ntelefonnummer v\u00e4xel 0295 016 000<\/p>\n","protected":false},"excerpt":{"rendered":"<p>V\u00e4lkommen, detta \u00e4r organisationen Kaarinan Kehitys Oy:s tillg\u00e4nglighetsutl\u00e5tande &nbsp; Detta tillg\u00e4nglighetsutl\u00e5tande g\u00e4ller tj\u00e4nsten visitkaarina.fi och den uppr\u00e4ttades \/ uppdaterades 5.5.2021. Tj\u00e4nsten omfattas av lagen om tillhandah\u00e5llande av digitala tj\u00e4nster, enligt&#8230;<\/p>\n","protected":false},"author":1,"featured_media":0,"parent":0,"menu_order":0,"comment_status":"closed","ping_status":"closed","template":"","meta":{"_acf_changed":false,"footnotes":""},"class_list":["post-3116","page","type-page","status-publish"],"acf":[],"yoast_head":"<!-- This site is optimized with the Yoast SEO plugin v27.4 - https:\/\/yoast.com\/product\/yoast-seo-wordpress\/ -->\n<title>Tillg\u00e4nglighetsutl\u00e5tande - Visit Kaarina<\/title>\n<meta name=\"robots\" content=\"index, follow, max-snippet:-1, max-image-preview:large, max-video-preview:-1\" \/>\n<link rel=\"canonical\" href=\"https:\/\/visitkaarina.fi\/sv\/saavutettavuusseloste\/\" \/>\n<meta property=\"og:locale\" content=\"sv_SE\" \/>\n<meta property=\"og:type\" content=\"article\" \/>\n<meta property=\"og:title\" content=\"Tillg\u00e4nglighetsutl\u00e5tande - Visit Kaarina\" \/>\n<meta property=\"og:description\" content=\"V\u00e4lkommen, detta \u00e4r organisationen Kaarinan Kehitys Oy:s tillg\u00e4nglighetsutl\u00e5tande &nbsp; Detta tillg\u00e4nglighetsutl\u00e5tande g\u00e4ller tj\u00e4nsten visitkaarina.fi och den uppr\u00e4ttades \/ uppdaterades 5.5.2021. Tj\u00e4nsten omfattas av lagen om tillhandah\u00e5llande av digitala tj\u00e4nster, enligt...\" \/>\n<meta property=\"og:url\" content=\"https:\/\/visitkaarina.fi\/sv\/saavutettavuusseloste\/\" \/>\n<meta property=\"og:site_name\" content=\"Visit Kaarina\" \/>\n<meta property=\"article:modified_time\" content=\"2021-06-30T07:10:06+00:00\" \/>\n<meta name=\"twitter:card\" content=\"summary_large_image\" \/>\n<meta name=\"twitter:label1\" content=\"Ber\u00e4knad l\u00e4stid\" \/>\n\t<meta name=\"twitter:data1\" content=\"1 minut\" \/>\n<script type=\"application\/ld+json\" class=\"yoast-schema-graph\">{\"@context\":\"https:\\\/\\\/schema.org\",\"@graph\":[{\"@type\":\"WebPage\",\"@id\":\"https:\\\/\\\/visitkaarina.fi\\\/sv\\\/saavutettavuusseloste\\\/\",\"url\":\"https:\\\/\\\/visitkaarina.fi\\\/sv\\\/saavutettavuusseloste\\\/\",\"name\":\"Tillg\u00e4nglighetsutl\u00e5tande - Visit Kaarina\",\"isPartOf\":{\"@id\":\"https:\\\/\\\/visitkaarina.fi\\\/#website\"},\"datePublished\":\"2021-05-05T05:46:41+00:00\",\"dateModified\":\"2021-06-30T07:10:06+00:00\",\"breadcrumb\":{\"@id\":\"https:\\\/\\\/visitkaarina.fi\\\/sv\\\/saavutettavuusseloste\\\/#breadcrumb\"},\"inLanguage\":\"sv-SE\",\"potentialAction\":[{\"@type\":\"ReadAction\",\"target\":[\"https:\\\/\\\/visitkaarina.fi\\\/sv\\\/saavutettavuusseloste\\\/\"]}]},{\"@type\":\"BreadcrumbList\",\"@id\":\"https:\\\/\\\/visitkaarina.fi\\\/sv\\\/saavutettavuusseloste\\\/#breadcrumb\",\"itemListElement\":[{\"@type\":\"ListItem\",\"position\":1,\"name\":\"Etusivu\",\"item\":\"https:\\\/\\\/visitkaarina.fi\\\/sv\\\/\"},{\"@type\":\"ListItem\",\"position\":2,\"name\":\"Tillg\u00e4nglighetsutl\u00e5tande\"}]},{\"@type\":\"WebSite\",\"@id\":\"https:\\\/\\\/visitkaarina.fi\\\/#website\",\"url\":\"https:\\\/\\\/visitkaarina.fi\\\/\",\"name\":\"Visit Kaarina\",\"description\":\"Kaarinan Kaupunki\",\"publisher\":{\"@id\":\"https:\\\/\\\/visitkaarina.fi\\\/#organization\"},\"potentialAction\":[{\"@type\":\"SearchAction\",\"target\":{\"@type\":\"EntryPoint\",\"urlTemplate\":\"https:\\\/\\\/visitkaarina.fi\\\/?s={search_term_string}\"},\"query-input\":{\"@type\":\"PropertyValueSpecification\",\"valueRequired\":true,\"valueName\":\"search_term_string\"}}],\"inLanguage\":\"sv-SE\"},{\"@type\":\"Organization\",\"@id\":\"https:\\\/\\\/visitkaarina.fi\\\/#organization\",\"name\":\"Visit Kaarina\",\"url\":\"https:\\\/\\\/visitkaarina.fi\\\/\",\"logo\":{\"@type\":\"ImageObject\",\"inLanguage\":\"sv-SE\",\"@id\":\"https:\\\/\\\/visitkaarina.fi\\\/#\\\/schema\\\/logo\\\/image\\\/\",\"url\":\"https:\\\/\\\/visitkaarina.fi\\\/wp-content\\\/uploads\\\/2021\\\/02\\\/Visit_Kaarina_fi_logo_pysty_500.png\",\"contentUrl\":\"https:\\\/\\\/visitkaarina.fi\\\/wp-content\\\/uploads\\\/2021\\\/02\\\/Visit_Kaarina_fi_logo_pysty_500.png\",\"width\":500,\"height\":256,\"caption\":\"Visit Kaarina\"},\"image\":{\"@id\":\"https:\\\/\\\/visitkaarina.fi\\\/#\\\/schema\\\/logo\\\/image\\\/\"}}]}<\/script>\n<!-- \/ Yoast SEO plugin. -->","yoast_head_json":{"title":"Tillg\u00e4nglighetsutl\u00e5tande - Visit Kaarina","robots":{"index":"index","follow":"follow","max-snippet":"max-snippet:-1","max-image-preview":"max-image-preview:large","max-video-preview":"max-video-preview:-1"},"canonical":"https:\/\/visitkaarina.fi\/sv\/saavutettavuusseloste\/","og_locale":"sv_SE","og_type":"article","og_title":"Tillg\u00e4nglighetsutl\u00e5tande - Visit Kaarina","og_description":"V\u00e4lkommen, detta \u00e4r organisationen Kaarinan Kehitys Oy:s tillg\u00e4nglighetsutl\u00e5tande &nbsp; Detta tillg\u00e4nglighetsutl\u00e5tande g\u00e4ller tj\u00e4nsten visitkaarina.fi och den uppr\u00e4ttades \/ uppdaterades 5.5.2021. Tj\u00e4nsten omfattas av lagen om tillhandah\u00e5llande av digitala tj\u00e4nster, enligt...","og_url":"https:\/\/visitkaarina.fi\/sv\/saavutettavuusseloste\/","og_site_name":"Visit Kaarina","article_modified_time":"2021-06-30T07:10:06+00:00","twitter_card":"summary_large_image","twitter_misc":{"Ber\u00e4knad l\u00e4stid":"1 minut"},"schema":{"@context":"https:\/\/schema.org","@graph":[{"@type":"WebPage","@id":"https:\/\/visitkaarina.fi\/sv\/saavutettavuusseloste\/","url":"https:\/\/visitkaarina.fi\/sv\/saavutettavuusseloste\/","name":"Tillg\u00e4nglighetsutl\u00e5tande - Visit Kaarina","isPartOf":{"@id":"https:\/\/visitkaarina.fi\/#website"},"datePublished":"2021-05-05T05:46:41+00:00","dateModified":"2021-06-30T07:10:06+00:00","breadcrumb":{"@id":"https:\/\/visitkaarina.fi\/sv\/saavutettavuusseloste\/#breadcrumb"},"inLanguage":"sv-SE","potentialAction":[{"@type":"ReadAction","target":["https:\/\/visitkaarina.fi\/sv\/saavutettavuusseloste\/"]}]},{"@type":"BreadcrumbList","@id":"https:\/\/visitkaarina.fi\/sv\/saavutettavuusseloste\/#breadcrumb","itemListElement":[{"@type":"ListItem","position":1,"name":"Etusivu","item":"https:\/\/visitkaarina.fi\/sv\/"},{"@type":"ListItem","position":2,"name":"Tillg\u00e4nglighetsutl\u00e5tande"}]},{"@type":"WebSite","@id":"https:\/\/visitkaarina.fi\/#website","url":"https:\/\/visitkaarina.fi\/","name":"Visit Kaarina","description":"Kaarinan Kaupunki","publisher":{"@id":"https:\/\/visitkaarina.fi\/#organization"},"potentialAction":[{"@type":"SearchAction","target":{"@type":"EntryPoint","urlTemplate":"https:\/\/visitkaarina.fi\/?s={search_term_string}"},"query-input":{"@type":"PropertyValueSpecification","valueRequired":true,"valueName":"search_term_string"}}],"inLanguage":"sv-SE"},{"@type":"Organization","@id":"https:\/\/visitkaarina.fi\/#organization","name":"Visit Kaarina","url":"https:\/\/visitkaarina.fi\/","logo":{"@type":"ImageObject","inLanguage":"sv-SE","@id":"https:\/\/visitkaarina.fi\/#\/schema\/logo\/image\/","url":"https:\/\/visitkaarina.fi\/wp-content\/uploads\/2021\/02\/Visit_Kaarina_fi_logo_pysty_500.png","contentUrl":"https:\/\/visitkaarina.fi\/wp-content\/uploads\/2021\/02\/Visit_Kaarina_fi_logo_pysty_500.png","width":500,"height":256,"caption":"Visit Kaarina"},"image":{"@id":"https:\/\/visitkaarina.fi\/#\/schema\/logo\/image\/"}}]}},"_links":{"self":[{"href":"https:\/\/visitkaarina.fi\/sv\/wp-json\/wp\/v2\/pages\/3116","targetHints":{"allow":["GET"]}}],"collection":[{"href":"https:\/\/visitkaarina.fi\/sv\/wp-json\/wp\/v2\/pages"}],"about":[{"href":"https:\/\/visitkaarina.fi\/sv\/wp-json\/wp\/v2\/types\/page"}],"author":[{"embeddable":true,"href":"https:\/\/visitkaarina.fi\/sv\/wp-json\/wp\/v2\/users\/1"}],"replies":[{"embeddable":true,"href":"https:\/\/visitkaarina.fi\/sv\/wp-json\/wp\/v2\/comments?post=3116"}],"version-history":[{"count":3,"href":"https:\/\/visitkaarina.fi\/sv\/wp-json\/wp\/v2\/pages\/3116\/revisions"}],"predecessor-version":[{"id":3758,"href":"https:\/\/visitkaarina.fi\/sv\/wp-json\/wp\/v2\/pages\/3116\/revisions\/3758"}],"wp:attachment":[{"href":"https:\/\/visitkaarina.fi\/sv\/wp-json\/wp\/v2\/media?parent=3116"}],"curies":[{"name":"wp","href":"https:\/\/api.w.org\/{rel}","templated":true}]}}